{"id":31,"date":"2020-05-26T08:10:27","date_gmt":"2020-05-26T08:10:27","guid":{"rendered":"http:\/\/wp.reptilienb\u00f6rsen-ost.de\/?page_id=31"},"modified":"2024-10-04T20:12:34","modified_gmt":"2024-10-04T20:12:34","slug":"info-fuer-besucher","status":"publish","type":"page","link":"https:\/\/reptilienboersen-ost.de\/?page_id=31","title":{"rendered":"Info f\u00fcr Besucher"},"content":{"rendered":"\n<p>Besucher\u00f6ffnungszeiten: 10 \u2013 15 Uhr in Schm\u00f6lln und Erfurt<\/p>\n\n\n\n<p><a href=\"\/?page_id=50\">Anfahrt Schm\u00f6lln<\/a><br><a href=\"\/?page_id=63\">Anfahrt Erfurt<\/a><\/p>\n\n\n\n<p><\/p>\n\n\n\n<h3 class=\"wp-block-heading\">Eintrittspreise<\/h3>\n\n\n\n<p>Erwachsene: 8,- \u20ac<br>Kinder und Jugendliche (6-16Jahre): 4,- \u20ac<br>Erm\u00e4\u00dfigt: 6,- \u20ac (Sch\u00fcler, Studenten, Schwerbesch\u00e4digte ab 50%; mit Nachweis)<br>Kinder bis 5 Jahre frei<br>Schwerbesch\u00e4digte (Ausweisvorderseite Merkzeichen B) und deren Begleitpersonen frei<br>Familienticket (2 Erwachsene + Kinder): 20,- \u20ac<\/p>\n\n\n\n<h3 class=\"wp-block-heading\">Liebe Besucher unserer Reptilienb\u00f6rse,<\/h3>\n\n\n\n<p>wir freuen uns auf Ihren Besuch und m\u00f6chten Ihnen kurz ein paar Hinweise geben.<\/p>\n\n\n\n<p>Bei uns finden Sie ein reichhaltiges Angebot an verschiedenen Echsen, Schlangen, Schildkr\u00f6ten, Spinnen, Insekten, sonstigen Wirbellosen, Amphibien, Futtertieren, Kakteen, Bromelien, Orchideen, Farne, Dekorations- &amp; Zubeh\u00f6rartikel, Fachliteratur, Terrarien sowie fast alles an Zubeh\u00f6r rund um die Terraristik.<\/p>\n\n\n\n<p>Liebe Besucher wir bitten Sie, <strong>die Beh\u00e4lter in denen sich Tiere befinden, nicht zu sch\u00fctteln oder fallen zu lassen &#8211; es handelt sich um lebende Tiere. Sie k\u00f6nnen Ihre erworbenen Tiere bei uns im Tierdepot f\u00fcr die Zeit des Aufenthaltes auf unserer B\u00f6rse kostenfrei abgeben.<\/strong><\/p>\n\n\n\n<p>Wenn noch nicht geschehen, informieren Sie sich bitte \u00fcber die Haltungsbedingungen der Tiere (wie zBsp. Gr\u00f6\u00dfe des Terrarium, Beleuchtung, Temperatur, Nahrungsspektrum usw.).<\/p>\n\n\n\n<p>Wir als Veranstalter, stehen Ihnen gerne mit Rat und Tat zur Seite und w\u00fcnschen Ihnen einen angenehmen Tag mit vielen neuen Eindr\u00fccken auf unserer B\u00f6rse.<\/p>\n","protected":false},"excerpt":{"rendered":"<p>Besucher\u00f6ffnungszeiten: 10 \u2013 15 Uhr in Schm\u00f6lln und Erfurt Anfahrt Schm\u00f6llnAnfahrt Erfurt Eintrittspreise Erwachsene: 8,- \u20acKinder und Jugendliche (6-16Jahre): 4,-&hellip;<\/p>\n","protected":false},"author":1,"featured_media":0,"parent":0,"menu_order":0,"comment_status":"closed","ping_status":"closed","template":"","meta":{"footnotes":""},"class_list":["post-31","page","type-page","status-publish","hentry"],"_links":{"self":[{"href":"https:\/\/reptilienboersen-ost.de\/index.php?rest_route=\/wp\/v2\/pages\/31","targetHints":{"allow":["GET"]}}],"collection":[{"href":"https:\/\/reptilienboersen-ost.de\/index.php?rest_route=\/wp\/v2\/pages"}],"about":[{"href":"https:\/\/reptilienboersen-ost.de\/index.php?rest_route=\/wp\/v2\/types\/page"}],"author":[{"embeddable":true,"href":"https:\/\/reptilienboersen-ost.de\/index.php?rest_route=\/wp\/v2\/users\/1"}],"replies":[{"embeddable":true,"href":"https:\/\/reptilienboersen-ost.de\/index.php?rest_route=%2Fwp%2Fv2%2Fcomments&post=31"}],"version-history":[{"count":8,"href":"https:\/\/reptilienboersen-ost.de\/index.php?rest_route=\/wp\/v2\/pages\/31\/revisions"}],"predecessor-version":[{"id":462,"href":"https:\/\/reptilienboersen-ost.de\/index.php?rest_route=\/wp\/v2\/pages\/31\/revisions\/462"}],"wp:attachment":[{"href":"https:\/\/reptilienboersen-ost.de\/index.php?rest_route=%2Fwp%2Fv2%2Fmedia&parent=31"}],"curies":[{"name":"wp","href":"https:\/\/api.w.org\/{rel}","templated":true}]}}