{"id":49,"date":"2020-05-26T08:17:39","date_gmt":"2020-05-26T08:17:39","guid":{"rendered":"http:\/\/wp.reptilienb\u00f6rsen-ost.de\/?page_id=49"},"modified":"2024-10-04T20:11:19","modified_gmt":"2024-10-04T20:11:19","slug":"info-fuer-aussteller-chemnitz","status":"publish","type":"page","link":"https:\/\/reptilienboersen-ost.de\/?page_id=49","title":{"rendered":"Info f\u00fcr Aussteller Schm\u00f6lln"},"content":{"rendered":"\n<div class=\"wp-block-columns is-layout-flex wp-container-core-columns-is-layout-9d6595d7 wp-block-columns-is-layout-flex\">\n<div class=\"wp-block-column is-layout-flow wp-block-column-is-layout-flow\" style=\"flex-basis:66.66%\">\n<p><strong>Ausstellerinformation Schm\u00f6lln<\/strong><\/p>\n<\/div>\n\n\n\n<div class=\"wp-block-column is-layout-flow wp-block-column-is-layout-flow\" style=\"flex-basis:33.33%\">\n<p class=\"has-text-align-right right\"><div class='printomatic pom-default ' id='id4747'  data-print_target='article'><\/div><a href=\"https:\/\/reptilienboersen-ost.de\/?page_id=49&amp;print=1\" title=\"Drucke diesen Beitrag\" rel=\"nofollow\"><img decoding=\"async\" class=\"WP-PrintIcon\" src=\"https:\/\/reptilienboersen-ost.de\/wp-content\/plugins\/wp-print\/images\/printer_famfamfam.gif\" alt=\"Drucke diesen Beitrag\" title=\"Drucke diesen Beitrag\" style=\"border: 0px;\" \/><\/a><\/p>\n<\/div>\n<\/div>\n\n\n\n<p>Wir freuen uns, dass Sie sich f\u00fcr eine Anmeldung auf unsere B\u00f6rse interessieren.<\/p>\n\n\n\n<p>Wir haben 2 verschiedene Tischgr\u00f6\u00dfen zur Auswahl.<br>Je Aussteller ist nur eine Tischgr\u00f6\u00dfe m\u00f6glich.<\/p>\n\n\n\n<p><strong>Die Tische sind:<br>1. &#8222;Dinnertische&#8220; 2,00 Meter breit und 0,80 Meter tief.<br>Der Preis pro Tisch bel\u00e4uft sich auf 35,- \u20ac.<br>2. &#8222;Seminartische&#8220; 1,40 Meter breit und 0,70 Meter tief.<\/strong><br><strong>Der Preis pro Tisch bel\u00e4uft sich auf 25,- \u20ac.<\/strong><br><br><strong>F\u00fcr den Stromanschluss werden 5,- \u20ac berechnet<\/strong>.<\/p>\n\n\n\n<p>Die Halle ist am B\u00f6rsentag f\u00fcr Aussteller ab 7:00 Uhr ge\u00f6ffnet, um in Ruhe die Tische f\u00fcr die Besucher vorbereiten zu k\u00f6nnen.<\/p>\n\n\n\n<p><strong>Liebe Aussteller!<\/strong><\/p>\n\n\n\n<p>Ihr Stand wird w\u00e4hrend der Besucher\u00f6ffnungszeiten von 10 \u2013 15 Uhr betrieben. Abbau bitte erst nach B\u00f6rsenende.<\/p>\n\n\n\n<p>Sie erhalten von uns eine saubere Standfl\u00e4che, wir bitten Sie diese Standfl\u00e4che auch wieder sauber zu verlassen und Ihren Abfall mitzunehmen.<\/p>\n\n\n\n<p>Beim Anbieten von Tieren halten Sie bitte die gesetzlichen Vorschriften und Bestimmungen sowie die B\u00f6rsenordnung ein.<\/p>\n\n\n\n<p class=\"has-medium-font-size\"><strong>Achtung keine Giftschlangen.<\/strong><\/p>\n\n\n\n<p><strong>Wir w\u00fcnschen Ihnen eine erfolgreiche B\u00f6rse und einen sch\u00f6nen Tag.<\/strong><\/p>\n","protected":false},"excerpt":{"rendered":"<p>Ausstellerinformation Schm\u00f6lln Wir freuen uns, dass Sie sich f\u00fcr eine Anmeldung auf unsere B\u00f6rse interessieren. Wir haben 2 verschiedene Tischgr\u00f6\u00dfen&hellip;<\/p>\n","protected":false},"author":1,"featured_media":0,"parent":0,"menu_order":0,"comment_status":"closed","ping_status":"closed","template":"","meta":{"footnotes":""},"class_list":["post-49","page","type-page","status-publish","hentry"],"_links":{"self":[{"href":"https:\/\/reptilienboersen-ost.de\/index.php?rest_route=\/wp\/v2\/pages\/49","targetHints":{"allow":["GET"]}}],"collection":[{"href":"https:\/\/reptilienboersen-ost.de\/index.php?rest_route=\/wp\/v2\/pages"}],"about":[{"href":"https:\/\/reptilienboersen-ost.de\/index.php?rest_route=\/wp\/v2\/types\/page"}],"author":[{"embeddable":true,"href":"https:\/\/reptilienboersen-ost.de\/index.php?rest_route=\/wp\/v2\/users\/1"}],"replies":[{"embeddable":true,"href":"https:\/\/reptilienboersen-ost.de\/index.php?rest_route=%2Fwp%2Fv2%2Fcomments&post=49"}],"version-history":[{"count":13,"href":"https:\/\/reptilienboersen-ost.de\/index.php?rest_route=\/wp\/v2\/pages\/49\/revisions"}],"predecessor-version":[{"id":461,"href":"https:\/\/reptilienboersen-ost.de\/index.php?rest_route=\/wp\/v2\/pages\/49\/revisions\/461"}],"wp:attachment":[{"href":"https:\/\/reptilienboersen-ost.de\/index.php?rest_route=%2Fwp%2Fv2%2Fmedia&parent=49"}],"curies":[{"name":"wp","href":"https:\/\/api.w.org\/{rel}","templated":true}]}}