{"id":50,"date":"2020-05-26T08:17:39","date_gmt":"2020-05-26T08:17:39","guid":{"rendered":"http:\/\/wp.reptilienb\u00f6rsen-ost.de\/?page_id=50"},"modified":"2024-10-04T20:02:24","modified_gmt":"2024-10-04T20:02:24","slug":"anfahrt-chemnitz","status":"publish","type":"page","link":"https:\/\/reptilienboersen-ost.de\/?page_id=50","title":{"rendered":"Anfahrt Schm\u00f6lln"},"content":{"rendered":"\n<p>Die B\u00f6rse in Schm\u00f6lln findet in der Ostth\u00fcringenhalle Schm\u00f6lln statt:<br><\/p>\n\n\n\n<div class=\"wp-block-columns is-layout-flex wp-container-core-columns-is-layout-9d6595d7 wp-block-columns-is-layout-flex\">\n<div class=\"wp-block-column is-layout-flow wp-block-column-is-layout-flow\">\n<p><strong>Anschrift:<\/strong><\/p>\n\n\n\n<p>Ostth\u00fcringenhalle Schm\u00f6lln<br>Finkenweg 7<br>04626 Schm\u00f6lln<\/p>\n<\/div>\n\n\n\n<div class=\"wp-block-column is-layout-flow wp-block-column-is-layout-flow\">\n<p><strong>Anfahrt:<\/strong><\/p>\n\n\n\n<p>Sie erreichen die Parkpl\u00e4tze nur \u00fcber die <strong>Lohsenstra\u00dfe<\/strong> (nicht Finkenweg!).<\/p>\n<\/div>\n<\/div>\n\n\n\n<iframe src=\"https:\/\/www.google.com\/maps\/embed?pb=!1m18!1m12!1m3!1d915.9632318446614!2d12.353987388802619!3d50.88704424362984!2m3!1f0!2f0!3f0!3m2!1i1024!2i768!4f13.1!3m3!1m2!1s0x47a6d95464b9e1c5%3A0xa0d598bed8fb7390!2sParkplatz%20an%20der%20Ostth%C3%BCringenhalle!5e0!3m2!1sde!2sde!4v1728072102765!5m2!1sde!2sde\" width=\"600\" height=\"450\" style=\"border:0;\" allowfullscreen=\"\" loading=\"lazy\" referrerpolicy=\"no-referrer-when-downgrade\"><\/iframe>\n","protected":false},"excerpt":{"rendered":"<p>Die B\u00f6rse in Schm\u00f6lln findet in der Ostth\u00fcringenhalle Schm\u00f6lln statt: Anschrift: Ostth\u00fcringenhalle Schm\u00f6llnFinkenweg 704626 Schm\u00f6lln Anfahrt: Sie erreichen die Parkpl\u00e4tze&hellip;<\/p>\n","protected":false},"author":1,"featured_media":0,"parent":0,"menu_order":0,"comment_status":"closed","ping_status":"closed","template":"","meta":{"footnotes":""},"class_list":["post-50","page","type-page","status-publish","hentry"],"_links":{"self":[{"href":"https:\/\/reptilienboersen-ost.de\/index.php?rest_route=\/wp\/v2\/pages\/50","targetHints":{"allow":["GET"]}}],"collection":[{"href":"https:\/\/reptilienboersen-ost.de\/index.php?rest_route=\/wp\/v2\/pages"}],"about":[{"href":"https:\/\/reptilienboersen-ost.de\/index.php?rest_route=\/wp\/v2\/types\/page"}],"author":[{"embeddable":true,"href":"https:\/\/reptilienboersen-ost.de\/index.php?rest_route=\/wp\/v2\/users\/1"}],"replies":[{"embeddable":true,"href":"https:\/\/reptilienboersen-ost.de\/index.php?rest_route=%2Fwp%2Fv2%2Fcomments&post=50"}],"version-history":[{"count":5,"href":"https:\/\/reptilienboersen-ost.de\/index.php?rest_route=\/wp\/v2\/pages\/50\/revisions"}],"predecessor-version":[{"id":455,"href":"https:\/\/reptilienboersen-ost.de\/index.php?rest_route=\/wp\/v2\/pages\/50\/revisions\/455"}],"wp:attachment":[{"href":"https:\/\/reptilienboersen-ost.de\/index.php?rest_route=%2Fwp%2Fv2%2Fmedia&parent=50"}],"curies":[{"name":"wp","href":"https:\/\/api.w.org\/{rel}","templated":true}]}}