{"id":51,"date":"2020-05-26T08:17:39","date_gmt":"2020-05-26T08:17:39","guid":{"rendered":"http:\/\/wp.reptilienb\u00f6rsen-ost.de\/?page_id=51"},"modified":"2024-10-04T20:27:28","modified_gmt":"2024-10-04T20:27:28","slug":"anmeldung-boerse-chemnitz","status":"publish","type":"page","link":"https:\/\/reptilienboersen-ost.de\/?page_id=51","title":{"rendered":"Anmeldung B\u00f6rse Schm\u00f6lln"},"content":{"rendered":"\n\n<div class=\"wpcf7 no-js\" id=\"wpcf7-f464-o1\" lang=\"de-DE\" dir=\"ltr\" data-wpcf7-id=\"464\">\n<div class=\"screen-reader-response\"><p role=\"status\" aria-live=\"polite\" aria-atomic=\"true\"><\/p> <ul><\/ul><\/div>\n<form action=\"\/index.php?rest_route=%2Fwp%2Fv2%2Fpages%2F51#wpcf7-f464-o1\" method=\"post\" class=\"wpcf7-form init\" aria-label=\"Kontaktformular\" novalidate=\"novalidate\" data-status=\"init\">\n<fieldset class=\"hidden-fields-container\"><input type=\"hidden\" name=\"_wpcf7\" value=\"464\" \/><input type=\"hidden\" name=\"_wpcf7_version\" value=\"6.1.4\" \/><input type=\"hidden\" name=\"_wpcf7_locale\" value=\"de_DE\" \/><input type=\"hidden\" name=\"_wpcf7_unit_tag\" value=\"wpcf7-f464-o1\" \/><input type=\"hidden\" name=\"_wpcf7_container_post\" value=\"0\" \/><input type=\"hidden\" name=\"_wpcf7_posted_data_hash\" value=\"\" \/>\n<\/fieldset>\n<p>* Diese Felder werden mindestens ben\u00f6tigt, um Ihre Angaben verarbeiten zu k\u00f6nnen.\n<\/p>\n<p>Anmeldung f\u00fcr die B\u00f6rse in Schm\u00f6lln am: * <span class=\"wpcf7-form-control-wrap\" data-name=\"DatumSchmoelln\"><select class=\"wpcf7-form-control wpcf7-select wpcf7-validates-as-required\" aria-required=\"true\" aria-invalid=\"false\" name=\"DatumSchmoelln\"><option value=\"01.03.2026\">01.03.2026<\/option><option value=\"18.10.2026\">18.10.2026<\/option><\/select><\/span><br \/>\nFirma: <span class=\"wpcf7-form-control-wrap\" data-name=\"Firma\"><input size=\"40\" maxlength=\"400\" class=\"wpcf7-form-control wpcf7-text\" aria-invalid=\"false\" value=\"\" type=\"text\" name=\"Firma\" \/><\/span><br \/>\nVorname: * <span class=\"wpcf7-form-control-wrap\" data-name=\"Vorname\"><input size=\"40\" maxlength=\"400\" class=\"wpcf7-form-control wpcf7-text wpcf7-validates-as-required\" aria-required=\"true\" aria-invalid=\"false\" value=\"\" type=\"text\" name=\"Vorname\" \/><\/span><br \/>\nNachname: * <span class=\"wpcf7-form-control-wrap\" data-name=\"Nachname\"><input size=\"40\" maxlength=\"400\" class=\"wpcf7-form-control wpcf7-text wpcf7-validates-as-required\" aria-required=\"true\" aria-invalid=\"false\" value=\"\" type=\"text\" name=\"Nachname\" \/><\/span><br \/>\n<span id=\"wpcf7-69f380ed53b62-wrapper\" class=\"wpcf7-form-control-wrap Spitzname-wrap\" style=\"display:none !important; visibility:hidden !important;\"><label for=\"wpcf7-69f380ed53b62-field\" class=\"hp-message\">Bitte lasse dieses Feld leer.<\/label><input id=\"wpcf7-69f380ed53b62-field\"  class=\"wpcf7-form-control wpcf7-text\" type=\"text\" name=\"Spitzname\" value=\"\" size=\"40\" tabindex=\"-1\" autocomplete=\"new-password\" \/><\/span>\n<\/p>\n<p>Sind Sie ein gewerblicher oder ein privater Aussteller? * <span class=\"wpcf7-form-control-wrap\" data-name=\"GewerbePrivat\"><span class=\"wpcf7-form-control wpcf7-checkbox wpcf7-validates-as-required wpcf7-exclusive-checkbox\"><span class=\"wpcf7-list-item first\"><input type=\"checkbox\" name=\"GewerbePrivat\" value=\"gewerblich\" \/><span class=\"wpcf7-list-item-label\">gewerblich<\/span><\/span><span class=\"wpcf7-list-item last\"><input type=\"checkbox\" name=\"GewerbePrivat\" value=\"privat\" \/><span class=\"wpcf7-list-item-label\">privat<\/span><\/span><\/span><\/span>\n<\/p>\n<p>Ihre E-Mail Adresse: * <span class=\"wpcf7-form-control-wrap\" data-name=\"E-Mail\"><input size=\"40\" maxlength=\"400\" class=\"wpcf7-form-control wpcf7-email wpcf7-validates-as-required wpcf7-text wpcf7-validates-as-email\" aria-required=\"true\" aria-invalid=\"false\" value=\"\" type=\"email\" name=\"E-Mail\" \/><\/span><br \/>\nIhre Telefon-Nummer: * <span class=\"wpcf7-form-control-wrap\" data-name=\"Telefon\"><input size=\"40\" maxlength=\"400\" class=\"wpcf7-form-control wpcf7-text wpcf7-validates-as-required\" aria-required=\"true\" aria-invalid=\"false\" value=\"\" type=\"text\" name=\"Telefon\" \/><\/span><br \/>\n<span id=\"wpcf7-69f380ed53cf7-wrapper\" class=\"wpcf7-form-control-wrap Fax-Nummer-wrap\" style=\"display:none !important; visibility:hidden !important;\"><label for=\"wpcf7-69f380ed53cf7-field\" class=\"hp-message\">Bitte lasse dieses Feld leer.<\/label><input id=\"wpcf7-69f380ed53cf7-field\"  class=\"wpcf7-form-control wpcf7-text\" type=\"text\" name=\"Fax-Nummer\" value=\"\" size=\"40\" tabindex=\"-1\" autocomplete=\"new-password\" \/><\/span>\n<\/p>\n<p>Stra\u00dfe: * <span class=\"wpcf7-form-control-wrap\" data-name=\"Strasse\"><input size=\"40\" maxlength=\"400\" class=\"wpcf7-form-control wpcf7-text wpcf7-validates-as-required\" aria-required=\"true\" aria-invalid=\"false\" value=\"\" type=\"text\" name=\"Strasse\" \/><\/span><br \/>\nHausnummer: * <span class=\"wpcf7-form-control-wrap\" data-name=\"Hausnummer\"><input size=\"40\" maxlength=\"400\" class=\"wpcf7-form-control wpcf7-text wpcf7-validates-as-required\" aria-required=\"true\" aria-invalid=\"false\" value=\"\" type=\"text\" name=\"Hausnummer\" \/><\/span><br \/>\nPostleitzahl (PLZ): * <span class=\"wpcf7-form-control-wrap\" data-name=\"PLZ\"><input size=\"40\" maxlength=\"400\" class=\"wpcf7-form-control wpcf7-text wpcf7-validates-as-required\" aria-required=\"true\" aria-invalid=\"false\" value=\"\" type=\"text\" name=\"PLZ\" \/><\/span><br \/>\nOrt: * <span class=\"wpcf7-form-control-wrap\" data-name=\"Ort\"><input size=\"40\" maxlength=\"400\" class=\"wpcf7-form-control wpcf7-text wpcf7-validates-as-required\" aria-required=\"true\" aria-invalid=\"false\" value=\"\" type=\"text\" name=\"Ort\" \/><\/span><br \/>\n<span id=\"wpcf7-69f380ed53e29-wrapper\" class=\"wpcf7-form-control-wrap Ortsteil-wrap\" style=\"display:none !important; visibility:hidden !important;\"><label for=\"wpcf7-69f380ed53e29-field\" class=\"hp-message\">Bitte lasse dieses Feld leer.<\/label><input id=\"wpcf7-69f380ed53e29-field\"  class=\"wpcf7-form-control wpcf7-text\" type=\"text\" name=\"Ortsteil\" value=\"\" size=\"40\" tabindex=\"-1\" autocomplete=\"new-password\" \/><\/span>\n<\/p>\n<p>Welche Tischart ben\u00f6tigen Sie?: * <span class=\"wpcf7-form-control-wrap\" data-name=\"Tischart\"><select class=\"wpcf7-form-control wpcf7-select wpcf7-validates-as-required\" aria-required=\"true\" aria-invalid=\"false\" name=\"Tischart\"><option value=\"Dinnertische (2,00 x 0,80 Meter) je 35 \u20ac\">Dinnertische (2,00 x 0,80 Meter) je 35 \u20ac<\/option><option value=\"Seminartische (1,40 x 0,70 Meter) je 25 \u20ac\">Seminartische (1,40 x 0,70 Meter) je 25 \u20ac<\/option><\/select><\/span><br \/>\nEs ist nur eine Tischart pro Aussteller m\u00f6glich!\n<\/p>\n<p>Wieviel Tische ben\u00f6tigen Sie? (35 \u20ac je Dinnertisch, 25 \u20ac je Seminartisch) * <span class=\"wpcf7-form-control-wrap\" data-name=\"AnzahlTische\"><input class=\"wpcf7-form-control wpcf7-number wpcf7-validates-as-required wpcf7-validates-as-number\" min=\"1\" aria-required=\"true\" aria-invalid=\"false\" placeholder=\"(nur ganze Zahlen zul\u00e4ssig)\" value=\"\" type=\"number\" name=\"AnzahlTische\" \/><\/span>\n<\/p>\n<p>Ben\u00f6tigen Sie einen Stromanschluss? (5 \u20ac) * <span class=\"wpcf7-form-control-wrap\" data-name=\"Strom\"><span class=\"wpcf7-form-control wpcf7-checkbox wpcf7-validates-as-required wpcf7-exclusive-checkbox\"><span class=\"wpcf7-list-item first\"><input type=\"checkbox\" name=\"Strom\" value=\"Ja\" \/><span class=\"wpcf7-list-item-label\">Ja<\/span><\/span><span class=\"wpcf7-list-item last\"><input type=\"checkbox\" name=\"Strom\" value=\"Nein\" \/><span class=\"wpcf7-list-item-label\">Nein<\/span><\/span><\/span><\/span><br \/>\nM\u00f6chten Sie in das Ausstellerverzeichnis eingetragen werden? * <span class=\"wpcf7-form-control-wrap\" data-name=\"Verzeichnis\"><span class=\"wpcf7-form-control wpcf7-checkbox wpcf7-validates-as-required wpcf7-exclusive-checkbox\"><span class=\"wpcf7-list-item first\"><input type=\"checkbox\" name=\"Verzeichnis\" value=\"Ja\" \/><span class=\"wpcf7-list-item-label\">Ja<\/span><\/span><span class=\"wpcf7-list-item last\"><input type=\"checkbox\" name=\"Verzeichnis\" value=\"Nein\" \/><span class=\"wpcf7-list-item-label\">Nein<\/span><\/span><\/span><\/span>\n<\/p>\n<p>Was m\u00f6chten Sie ausstellen: * <span class=\"wpcf7-form-control-wrap\" data-name=\"Ausstellung\"><textarea cols=\"40\" rows=\"10\" maxlength=\"2000\" class=\"wpcf7-form-control wpcf7-textarea wpcf7-validates-as-required\" aria-required=\"true\" aria-invalid=\"false\" name=\"Ausstellung\"><\/textarea><\/span>\n<\/p>\n<p><span class=\"wpcf7-form-control-wrap\" data-name=\"Ordnung\"><span class=\"wpcf7-form-control wpcf7-acceptance\"><span class=\"wpcf7-list-item\"><label><input type=\"checkbox\" name=\"Ordnung\" value=\"1\" aria-invalid=\"false\" \/><span class=\"wpcf7-list-item-label\">* JA, ich habe die <a href=\"\/?page_id=32\">B\u00f6rsenordnung<\/a> gelesen und akzeptiere sie.\nBis 7 Tage vor Veranstaltung ist die Abmeldung kostenfrei.\nF\u00fcr sp\u00e4teres Abmelden wird 50 % der Standgeb\u00fchr in Rechnung gestellt.\nBei unentschuldigtem Fernbleiben wird der volle Betrag in Rechnung gestellt. *<\/span><\/label><\/span><\/span><\/span>\n<\/p>\n<p><span class=\"wpcf7-form-control-wrap\" data-name=\"Datenschutz\"><span class=\"wpcf7-form-control wpcf7-acceptance\"><span class=\"wpcf7-list-item\"><label><input type=\"checkbox\" name=\"Datenschutz\" value=\"1\" aria-invalid=\"false\" \/><span class=\"wpcf7-list-item-label\">* Ich habe die <a href=\"\/?page_id=40\">Datenschutzerkl\u00e4rung<\/a> zur Kenntnis genommen. Ich stimme zu, dass meine Angaben und Daten zur Beantwortung meiner Anfrage elektronisch erhoben und gespeichert werden. Hinweis: Sie k\u00f6nnen Ihre Einwilligung jederzeit f\u00fcr die Zukunft per E-Mail an <a href=\"m&#97;&#105;&#x6c;&#x74;o:&#105;&#110;&#x66;&#x6f;&#64;r&#101;&#112;&#x74;&#x69;li&#101;&#x6e;&#x2d;&#x73;c&#104;&#101;&#x75;&#x6e;&#x65;&#46;&#100;&#101;\">&#x69;n&#x66;&#111;&#x40;&#x72;e&#x70;&#116;&#x69;&#x6c;i&#x65;&#110;&#x2d;&#x73;c&#x68;&#101;&#x75;&#x6e;e&#x2e;&#100;&#x65;<\/a> widerrufen.*<\/span><\/label><\/span><\/span><\/span>\n<\/p>\n<p>Sicherheitsabfrage (Ergebnis als Zahl eintragen): <span class=\"wpcf7-form-control-wrap\" data-name=\"Sicherheitsabfrage\"><label><span class=\"wpcf7-quiz-label\">elf - sechs<\/span> <input size=\"40\" class=\"wpcf7-form-control wpcf7-quiz\" autocomplete=\"off\" aria-required=\"true\" aria-invalid=\"false\" type=\"text\" name=\"Sicherheitsabfrage\" \/><\/label><input type=\"hidden\" name=\"_wpcf7_quiz_answer_Sicherheitsabfrage\" value=\"e3f56bc757922c5a23b5002b477a1149\" \/><\/span>\n<\/p>\n<p><input class=\"wpcf7-form-control wpcf7-submit has-spinner\" type=\"submit\" value=\"Senden\" \/>\n<\/p><div class=\"wpcf7-response-output\" aria-hidden=\"true\"><\/div>\n<\/form>\n<\/div>\n\n\n\n\n<p><\/p>\n","protected":false},"excerpt":{"rendered":"","protected":false},"author":1,"featured_media":0,"parent":0,"menu_order":0,"comment_status":"closed","ping_status":"closed","template":"","meta":{"footnotes":""},"class_list":["post-51","page","type-page","status-publish","hentry"],"_links":{"self":[{"href":"https:\/\/reptilienboersen-ost.de\/index.php?rest_route=\/wp\/v2\/pages\/51","targetHints":{"allow":["GET"]}}],"collection":[{"href":"https:\/\/reptilienboersen-ost.de\/index.php?rest_route=\/wp\/v2\/pages"}],"about":[{"href":"https:\/\/reptilienboersen-ost.de\/index.php?rest_route=\/wp\/v2\/types\/page"}],"author":[{"embeddable":true,"href":"https:\/\/reptilienboersen-ost.de\/index.php?rest_route=\/wp\/v2\/users\/1"}],"replies":[{"embeddable":true,"href":"https:\/\/reptilienboersen-ost.de\/index.php?rest_route=%2Fwp%2Fv2%2Fcomments&post=51"}],"version-history":[{"count":5,"href":"https:\/\/reptilienboersen-ost.de\/index.php?rest_route=\/wp\/v2\/pages\/51\/revisions"}],"predecessor-version":[{"id":465,"href":"https:\/\/reptilienboersen-ost.de\/index.php?rest_route=\/wp\/v2\/pages\/51\/revisions\/465"}],"wp:attachment":[{"href":"https:\/\/reptilienboersen-ost.de\/index.php?rest_route=%2Fwp%2Fv2%2Fmedia&parent=51"}],"curies":[{"name":"wp","href":"https:\/\/api.w.org\/{rel}","templated":true}]}}